{"id":13,"date":"2025-11-13T12:07:41","date_gmt":"2025-11-13T11:07:41","guid":{"rendered":"https:\/\/www.tygroo-landy-pieces-auto.com\/index.php\/contact-us\/"},"modified":"2025-11-25T14:43:28","modified_gmt":"2025-11-25T13:43:28","slug":"contact-us","status":"publish","type":"page","link":"https:\/\/www.tygroo-landy-pieces-auto.com\/index.php\/contact-us\/","title":{"rendered":"Mentions l\u00e9gales"},"content":{"rendered":"\t\t<div data-elementor-type=\"wp-page\" data-elementor-id=\"13\" class=\"elementor elementor-13\">\n\t\t\t\t<div class=\"elementor-element elementor-element-24c16cf6 e-flex e-con-boxed e-con e-parent\" data-id=\"24c16cf6\" data-element_type=\"container\">\n\t\t\t\t\t<div class=\"e-con-inner\">\n\t\t<div class=\"elementor-element elementor-element-71f79242 e-con-full e-flex e-con e-child\" data-id=\"71f79242\" data-element_type=\"container\">\n\t\t\t\t<div class=\"elementor-element elementor-element-4083a1f8 elementor-invisible elementor-widget elementor-widget-heading\" data-id=\"4083a1f8\" data-element_type=\"widget\" data-settings=\"{&quot;_animation&quot;:&quot;fadeIn&quot;}\" data-widget_type=\"heading.default\">\n\t\t\t\t\t<h2 class=\"elementor-heading-title elementor-size-default\">Mentions l\u00e9gales<\/h2>\t\t\t\t<\/div>\n\t\t\t\t<\/div>\n\t\t<div class=\"elementor-element elementor-element-68890400 e-con-full e-flex e-con e-child\" data-id=\"68890400\" data-element_type=\"container\" data-settings=\"{&quot;background_background&quot;:&quot;classic&quot;}\">\n\t\t\t\t<div class=\"elementor-element elementor-element-7f817ad elementor-widget elementor-widget-image\" data-id=\"7f817ad\" data-element_type=\"widget\" data-widget_type=\"image.default\">\n\t\t\t\t\t\t\t\t\t\t\t\t\t\t\t<img fetchpriority=\"high\" decoding=\"async\" width=\"800\" height=\"457\" src=\"https:\/\/www.tygroo-landy-pieces-auto.com\/wp-content\/uploads\/2025\/11\/slider-produit-1024x585.jpg\" class=\"attachment-large size-large wp-image-65\" alt=\"tygroo pi\u00e8ces auto\" srcset=\"https:\/\/www.tygroo-landy-pieces-auto.com\/wp-content\/uploads\/2025\/11\/slider-produit-1024x585.jpg 1024w, https:\/\/www.tygroo-landy-pieces-auto.com\/wp-content\/uploads\/2025\/11\/slider-produit-300x171.jpg 300w, https:\/\/www.tygroo-landy-pieces-auto.com\/wp-content\/uploads\/2025\/11\/slider-produit-768x439.jpg 768w, https:\/\/www.tygroo-landy-pieces-auto.com\/wp-content\/uploads\/2025\/11\/slider-produit-1536x878.jpg 1536w, https:\/\/www.tygroo-landy-pieces-auto.com\/wp-content\/uploads\/2025\/11\/slider-produit-2048x1170.jpg 2048w\" sizes=\"(max-width: 800px) 100vw, 800px\" \/>\t\t\t\t\t\t\t\t\t\t\t\t\t\t\t<\/div>\n\t\t\t\t<\/div>\n\t\t\t\t\t<\/div>\n\t\t\t\t<\/div>\n\t\t<div class=\"elementor-element elementor-element-bb75b75 e-flex e-con-boxed e-con e-parent\" data-id=\"bb75b75\" data-element_type=\"container\">\n\t\t\t\t\t<div class=\"e-con-inner\">\n\t\t\t\t<div class=\"elementor-element elementor-element-ef30b83 elementor-widget elementor-widget-text-editor\" data-id=\"ef30b83\" data-element_type=\"widget\" data-widget_type=\"text-editor.default\">\n\t\t\t\t\t\t\t\t\t<h2 data-start=\"416\" data-end=\"430\">D\u00e9finitions<\/h2><p data-start=\"432\" data-end=\"1629\"><strong data-start=\"432\" data-end=\"442\">Client<\/strong> : tout professionnel ou personne physique capable au sens des articles 1123 et suivants du Code civil, ou personne morale, qui visite le Site objet des pr\u00e9sentes conditions g\u00e9n\u00e9rales.<br data-start=\"626\" data-end=\"629\" \/><strong data-start=\"629\" data-end=\"656\">Prestations et Services<\/strong> : <a class=\"decorated-link\" href=\"https:\/\/www.tygroo-landy-pieces-auto.com\/\" target=\"_new\" rel=\"noopener\" data-start=\"659\" data-end=\"700\">https:\/\/www.tygroo-landy-pieces-auto.com\/<\/a> met \u00e0 disposition des Clients.<br data-start=\"731\" data-end=\"734\" \/><strong data-start=\"734\" data-end=\"745\">Contenu<\/strong> : Ensemble des \u00e9l\u00e9ments constituants l\u2019information pr\u00e9sente sur le Site, notamment textes \u2013 images \u2013 vid\u00e9os.<br data-start=\"854\" data-end=\"857\" \/><strong data-start=\"857\" data-end=\"881\">Informations clients<\/strong> : Ci-apr\u00e8s d\u00e9nomm\u00e9 \u00ab Information(s) \u00bb qui correspondent \u00e0 l\u2019ensemble des donn\u00e9es personnelles susceptibles d\u2019\u00eatre d\u00e9tenues par <a class=\"decorated-link\" href=\"https:\/\/www.tygroo-landy-pieces-auto.com\/\" target=\"_new\" rel=\"noopener\" data-start=\"1009\" data-end=\"1050\">https:\/\/www.tygroo-landy-pieces-auto.com\/<\/a> pour la gestion de votre compte, de la relation client et \u00e0 des fins d\u2019analyses et de statistiques.<br data-start=\"1150\" data-end=\"1153\" \/><strong data-start=\"1153\" data-end=\"1168\">Utilisateur<\/strong> : Internaute se connectant, utilisant le site susnomm\u00e9.<br data-start=\"1224\" data-end=\"1227\" \/><strong data-start=\"1227\" data-end=\"1256\">Informations personnelles<\/strong> : \u00ab Les informations qui permettent, sous quelque forme que ce soit, directement ou non, l\u2019identification des personnes physiques auxquelles elles s\u2019appliquent \u00bb (article 4 de la loi n\u00b0 78-17 du 6 janvier 1978).<br data-start=\"1468\" data-end=\"1471\" \/>Les termes \u00ab donn\u00e9es \u00e0 caract\u00e8re personnel \u00bb, \u00ab personne concern\u00e9e \u00bb, \u00ab sous-traitant \u00bb et \u00ab donn\u00e9es sensibles \u00bb ont le sens d\u00e9fini par le RGPD (n\u00b0 2016-679).<\/p><hr data-start=\"1631\" data-end=\"1634\" \/><h2 data-start=\"1636\" data-end=\"1671\">1. Pr\u00e9sentation du site internet<\/h2><p data-start=\"1673\" data-end=\"1891\">En vertu de l\u2019article 6 de la loi n\u00b0 2004-575 du 21 juin 2004 pour la confiance dans l\u2019\u00e9conomie num\u00e9rique, il est pr\u00e9cis\u00e9 aux utilisateurs du site <a class=\"decorated-link\" href=\"https:\/\/www.tygroo-landy-pieces-auto.com\/\" target=\"_new\" rel=\"noopener\" data-start=\"1820\" data-end=\"1861\">https:\/\/www.tygroo-landy-pieces-auto.com\/<\/a> l\u2019identit\u00e9 des intervenants :<\/p><p data-start=\"1893\" data-end=\"2189\"><strong data-start=\"1893\" data-end=\"1911\">Propri\u00e9taire :<\/strong> SAS FHM PNEU \u2013 TVA : FR14910369768 \u2013 TYGROO, 82 Rue du Landy, 93210 Saint-Denis<br data-start=\"1991\" data-end=\"1994\" \/><strong data-start=\"1994\" data-end=\"2023\">Responsable publication :<\/strong> HAMID \u2013 01 42 43 08 13<br data-start=\"2046\" data-end=\"2049\" \/><strong data-start=\"2049\" data-end=\"2064\">Webmaster :<\/strong> HAMID \u2013 01 42 43 08 13<br data-start=\"2087\" data-end=\"2090\" \/><strong data-start=\"2090\" data-end=\"2105\">H\u00e9bergeur :<\/strong> OVH \u2013 2 rue Kellermann, 59100 Roubaix \u2013 1007<br data-start=\"2150\" data-end=\"2153\" \/><strong data-start=\"2153\" data-end=\"2162\">DPO :<\/strong> HAMID \u2013 <a class=\"decorated-link cursor-pointer\" rel=\"noopener\" data-start=\"2171\" data-end=\"2189\">fhm93120@gmail.com<\/a><\/p><hr data-start=\"2191\" data-end=\"2194\" \/><h2 data-start=\"2196\" data-end=\"2236\">2. Conditions g\u00e9n\u00e9rales d\u2019utilisation<\/h2><p data-start=\"2238\" data-end=\"2572\">L\u2019utilisation du site <a class=\"decorated-link\" href=\"https:\/\/www.tygroo-landy-pieces-auto.com\/\" target=\"_new\" rel=\"noopener\" data-start=\"2260\" data-end=\"2301\">https:\/\/www.tygroo-landy-pieces-auto.com\/<\/a> implique l\u2019acceptation pleine et enti\u00e8re des pr\u00e9sentes conditions. Celles-ci peuvent \u00eatre modifi\u00e9es \u00e0 tout moment.<br data-start=\"2416\" data-end=\"2419\" \/>Le site est normalement accessible 24\/7, mais peut \u00eatre interrompu pour maintenance. Les mentions l\u00e9gales peuvent \u00e9galement \u00eatre modifi\u00e9es \u00e0 tout moment.<\/p><hr data-start=\"2574\" data-end=\"2577\" \/><h2 data-start=\"2579\" data-end=\"2617\">3. Description des services fournis<\/h2><p data-start=\"2619\" data-end=\"2814\">Le site <a class=\"decorated-link\" href=\"https:\/\/www.tygroo-landy-pieces-auto.com\/\" target=\"_new\" rel=\"noopener\" data-start=\"2627\" data-end=\"2668\">https:\/\/www.tygroo-landy-pieces-auto.com\/<\/a> pr\u00e9sente les activit\u00e9s de la soci\u00e9t\u00e9.<br data-start=\"2706\" data-end=\"2709\" \/>Les informations sont donn\u00e9es \u00e0 titre indicatif et susceptibles d\u2019\u00e9voluer. Elles ne sont pas exhaustives.<\/p><hr data-start=\"2816\" data-end=\"2819\" \/><h2 data-start=\"2821\" data-end=\"2880\">4. Limitations contractuelles sur les donn\u00e9es techniques<\/h2><p data-start=\"2882\" data-end=\"3223\">Le site utilise JavaScript. L\u2019utilisateur s&rsquo;engage \u00e0 utiliser un mat\u00e9riel r\u00e9cent, sain et \u00e0 jour.<br data-start=\"2979\" data-end=\"2982\" \/>Le site est h\u00e9berg\u00e9 dans l\u2019Union Europ\u00e9enne conform\u00e9ment au RGPD.<br data-start=\"3047\" data-end=\"3050\" \/>Ni <a class=\"decorated-link\" href=\"https:\/\/www.tygroo-landy-pieces-auto.com\/\" target=\"_new\" rel=\"noopener\" data-start=\"3053\" data-end=\"3094\">https:\/\/www.tygroo-landy-pieces-auto.com\/<\/a> ni l\u2019h\u00e9bergeur ne peuvent \u00eatre tenus responsables d\u2019\u00e9ventuels probl\u00e8mes li\u00e9s au r\u00e9seau Internet ou au mat\u00e9riel de l\u2019utilisateur.<\/p><hr data-start=\"3225\" data-end=\"3228\" \/><h2 data-start=\"3230\" data-end=\"3276\">5. Propri\u00e9t\u00e9 intellectuelle et contrefa\u00e7ons<\/h2><p data-start=\"3278\" data-end=\"3476\"><a class=\"decorated-link\" href=\"https:\/\/www.tygroo-landy-pieces-auto.com\/\" target=\"_new\" rel=\"noopener\" data-start=\"3278\" data-end=\"3319\">https:\/\/www.tygroo-landy-pieces-auto.com\/<\/a> est propri\u00e9taire des droits sur l\u2019ensemble des \u00e9l\u00e9ments du site.<br data-start=\"3384\" data-end=\"3387\" \/>Toute reproduction ou exploitation non autoris\u00e9e est interdite et pourra \u00eatre poursuivie.<\/p><hr data-start=\"3478\" data-end=\"3481\" \/><h2 data-start=\"3483\" data-end=\"3518\">6. Limitations de responsabilit\u00e9<\/h2><p data-start=\"3520\" data-end=\"3748\"><a class=\"decorated-link\" href=\"https:\/\/www.tygroo-landy-pieces-auto.com\/\" target=\"_new\" rel=\"noopener\" data-start=\"3520\" data-end=\"3561\">https:\/\/www.tygroo-landy-pieces-auto.com\/<\/a> ne peut \u00eatre tenu responsable des dommages directs ou indirects dus \u00e0 l\u2019utilisation du site, ni des contenus d\u00e9pos\u00e9s dans les espaces interactifs en cas de non-respect de la l\u00e9gislation.<\/p><hr data-start=\"3750\" data-end=\"3753\" \/><h2 data-start=\"3755\" data-end=\"3793\">7. Gestion des donn\u00e9es personnelles<\/h2><h3 data-start=\"3795\" data-end=\"3831\">7.1 Responsable de la collecte<\/h3><p data-start=\"3832\" data-end=\"3888\">Le responsable est : <strong data-start=\"3853\" data-end=\"3865\">FHM PNEU<\/strong>, repr\u00e9sent\u00e9 par HAMID.<\/p><h3 data-start=\"3890\" data-end=\"3908\">7.2 Finalit\u00e9<\/h3><p data-start=\"3909\" data-end=\"4100\">Donn\u00e9es trait\u00e9es pour :<br data-start=\"3932\" data-end=\"3935\" \/>\u2013 navigation, facturation, historique, commandes<br data-start=\"3983\" data-end=\"3986\" \/>\u2013 pr\u00e9vention des fraudes<br data-start=\"4010\" data-end=\"4013\" \/>\u2013 am\u00e9lioration du service<br data-start=\"4038\" data-end=\"4041\" \/>\u2013 enqu\u00eates de satisfaction<br data-start=\"4067\" data-end=\"4070\" \/>\u2013 communication (SMS, email)<\/p><p data-start=\"4102\" data-end=\"4139\">Aucune commercialisation des donn\u00e9es.<\/p><h3 data-start=\"4141\" data-end=\"4174\">7.3 Droits des utilisateurs<\/h3><p data-start=\"4175\" data-end=\"4293\">Conform\u00e9ment au RGPD : acc\u00e8s, rectification, suppression, opposition, limitation, portabilit\u00e9, directives post-mortem.<\/p><p data-start=\"4295\" data-end=\"4374\">Adresse pour l\u2019exercice :<br data-start=\"4320\" data-end=\"4323\" \/><strong data-start=\"4323\" data-end=\"4372\">FHM PNEU \u2013 82 Rue du Landy, 93210 Saint-Denis<\/strong><\/p><ul data-start=\"4375\" data-end=\"4394\"><li data-start=\"4375\" data-end=\"4394\"><p data-start=\"4377\" data-end=\"4394\">pi\u00e8ce d\u2019identit\u00e9.<\/p><\/li><\/ul><h3 data-start=\"4396\" data-end=\"4423\">7.4 Non-communication<\/h3><p data-start=\"4424\" data-end=\"4549\">Aucun transfert hors UE sans information pr\u00e9alable.<br data-start=\"4475\" data-end=\"4478\" \/>S\u00e9curisation via pare-feu, mots de passe, pseudonymisation, encryption.<\/p><hr data-start=\"4551\" data-end=\"4554\" \/><h2 data-start=\"4556\" data-end=\"4585\">8. Notification d\u2019incident<\/h2><p data-start=\"4587\" data-end=\"4730\">En cas d\u2019incident de s\u00e9curit\u00e9, les utilisateurs seront inform\u00e9s.<br data-start=\"4651\" data-end=\"4654\" \/>Aucune information personnelle n\u2019est transf\u00e9r\u00e9e ou vendue sans consentement.<\/p><hr data-start=\"4732\" data-end=\"4735\" \/><h2 data-start=\"4737\" data-end=\"4770\">9. Cookies et balises internet<\/h2><h3 data-start=\"4772\" data-end=\"4789\">9.1 Cookies<\/h3><p data-start=\"4790\" data-end=\"4952\">Des cookies peuvent \u00eatre utilis\u00e9s pour analyser la navigation.<br data-start=\"4852\" data-end=\"4855\" \/>L\u2019utilisateur peut les refuser via son navigateur, ce qui peut limiter certaines fonctionnalit\u00e9s.<\/p><h3 data-start=\"4954\" data-end=\"4975\">9.2 Balises web<\/h3><p data-start=\"4976\" data-end=\"5103\">Certaines pages peuvent contenir des balises permettant d\u2019analyser le comportement de navigation via des prestataires externes.<\/p><hr data-start=\"5105\" data-end=\"5108\" \/><h2 data-start=\"5110\" data-end=\"5148\">10. Droit applicable et juridiction<\/h2><p data-start=\"5150\" data-end=\"5359\">Tout litige relatif \u00e0 l\u2019utilisation du site <a class=\"decorated-link\" href=\"https:\/\/www.tygroo-landy-pieces-auto.com\/\" target=\"_new\" rel=\"noopener\" data-start=\"5194\" data-end=\"5235\">https:\/\/www.tygroo-landy-pieces-auto.com\/<\/a> est soumis au droit fran\u00e7ais.<br data-start=\"5265\" data-end=\"5268\" \/>Comp\u00e9tence exclusive des tribunaux de <strong data-start=\"5306\" data-end=\"5318\">Pontoise<\/strong>, sauf dispositions contraires de la loi.<\/p>\t\t\t\t\t\t\t\t<\/div>\n\t\t\t\t\t<\/div>\n\t\t\t\t<\/div>\n\t\t\t\t<\/div>\n\t\t","protected":false},"excerpt":{"rendered":"<p>Mentions l\u00e9gales D\u00e9finitions Client : tout professionnel ou personne physique capable au sens des articles 1123 et suivants du Code civil, ou personne morale, qui visite le Site objet des pr\u00e9sentes conditions g\u00e9n\u00e9rales.Prestations et Services : https:\/\/www.tygroo-landy-pieces-auto.com\/ met \u00e0 disposition des Clients.Contenu : Ensemble des \u00e9l\u00e9ments constituants l\u2019information pr\u00e9sente sur le Site, notamment textes \u2013 [&hellip;]<\/p>\n","protected":false},"author":1,"featured_media":18,"parent":0,"menu_order":0,"comment_status":"closed","ping_status":"closed","template":"elementor_header_footer","meta":{"footnotes":""},"class_list":["post-13","page","type-page","status-publish","has-post-thumbnail","hentry"],"yoast_head":"<!-- This site is optimized with the Yoast SEO plugin v26.4 - https:\/\/yoast.com\/wordpress\/plugins\/seo\/ -->\n<title>Mentions l\u00e9gales - Tygroo pi\u00e8ces auto<\/title>\n<meta name=\"robots\" content=\"index, follow, max-snippet:-1, max-image-preview:large, max-video-preview:-1\" \/>\n<link rel=\"canonical\" href=\"https:\/\/www.tygroo-landy-pieces-auto.com\/index.php\/contact-us\/\" \/>\n<meta property=\"og:locale\" content=\"fr_FR\" \/>\n<meta property=\"og:type\" content=\"article\" \/>\n<meta property=\"og:title\" content=\"Mentions l\u00e9gales - Tygroo pi\u00e8ces auto\" \/>\n<meta property=\"og:description\" content=\"Mentions l\u00e9gales D\u00e9finitions Client : tout professionnel ou personne physique capable au sens des articles 1123 et suivants du Code civil, ou personne morale, qui visite le Site objet des pr\u00e9sentes conditions g\u00e9n\u00e9rales.Prestations et Services : https:\/\/www.tygroo-landy-pieces-auto.com\/ met \u00e0 disposition des Clients.Contenu : Ensemble des \u00e9l\u00e9ments constituants l\u2019information pr\u00e9sente sur le Site, notamment textes \u2013 [&hellip;]\" \/>\n<meta property=\"og:url\" content=\"https:\/\/www.tygroo-landy-pieces-auto.com\/index.php\/contact-us\/\" \/>\n<meta property=\"og:site_name\" content=\"Tygroo pi\u00e8ces auto\" \/>\n<meta property=\"article:modified_time\" content=\"2025-11-25T13:43:28+00:00\" \/>\n<meta property=\"og:image\" content=\"https:\/\/www.tygroo-landy-pieces-auto.com\/wp-content\/uploads\/2025\/11\/Contact-Us-400_380.jpg\" \/>\n\t<meta property=\"og:image:width\" content=\"400\" \/>\n\t<meta property=\"og:image:height\" content=\"380\" \/>\n\t<meta property=\"og:image:type\" content=\"image\/jpeg\" \/>\n<meta name=\"twitter:card\" content=\"summary_large_image\" \/>\n<script type=\"application\/ld+json\" class=\"yoast-schema-graph\">{\"@context\":\"https:\/\/schema.org\",\"@graph\":[{\"@type\":\"WebPage\",\"@id\":\"https:\/\/www.tygroo-landy-pieces-auto.com\/index.php\/contact-us\/\",\"url\":\"https:\/\/www.tygroo-landy-pieces-auto.com\/index.php\/contact-us\/\",\"name\":\"Mentions l\u00e9gales - Tygroo pi\u00e8ces auto\",\"isPartOf\":{\"@id\":\"https:\/\/www.tygroo-landy-pieces-auto.com\/#website\"},\"primaryImageOfPage\":{\"@id\":\"https:\/\/www.tygroo-landy-pieces-auto.com\/index.php\/contact-us\/#primaryimage\"},\"image\":{\"@id\":\"https:\/\/www.tygroo-landy-pieces-auto.com\/index.php\/contact-us\/#primaryimage\"},\"thumbnailUrl\":\"https:\/\/www.tygroo-landy-pieces-auto.com\/wp-content\/uploads\/2025\/11\/Contact-Us-400_380.jpg\",\"datePublished\":\"2025-11-13T11:07:41+00:00\",\"dateModified\":\"2025-11-25T13:43:28+00:00\",\"breadcrumb\":{\"@id\":\"https:\/\/www.tygroo-landy-pieces-auto.com\/index.php\/contact-us\/#breadcrumb\"},\"inLanguage\":\"fr-FR\",\"potentialAction\":[{\"@type\":\"ReadAction\",\"target\":[\"https:\/\/www.tygroo-landy-pieces-auto.com\/index.php\/contact-us\/\"]}]},{\"@type\":\"ImageObject\",\"inLanguage\":\"fr-FR\",\"@id\":\"https:\/\/www.tygroo-landy-pieces-auto.com\/index.php\/contact-us\/#primaryimage\",\"url\":\"https:\/\/www.tygroo-landy-pieces-auto.com\/wp-content\/uploads\/2025\/11\/Contact-Us-400_380.jpg\",\"contentUrl\":\"https:\/\/www.tygroo-landy-pieces-auto.com\/wp-content\/uploads\/2025\/11\/Contact-Us-400_380.jpg\",\"width\":400,\"height\":380},{\"@type\":\"BreadcrumbList\",\"@id\":\"https:\/\/www.tygroo-landy-pieces-auto.com\/index.php\/contact-us\/#breadcrumb\",\"itemListElement\":[{\"@type\":\"ListItem\",\"position\":1,\"name\":\"Accueil\",\"item\":\"https:\/\/www.tygroo-landy-pieces-auto.com\/\"},{\"@type\":\"ListItem\",\"position\":2,\"name\":\"Mentions l\u00e9gales\"}]},{\"@type\":\"WebSite\",\"@id\":\"https:\/\/www.tygroo-landy-pieces-auto.com\/#website\",\"url\":\"https:\/\/www.tygroo-landy-pieces-auto.com\/\",\"name\":\"Tygroo Landy pi\u00e8ce et accessoires auto\",\"description\":\"\",\"publisher\":{\"@id\":\"https:\/\/www.tygroo-landy-pieces-auto.com\/#organization\"},\"alternateName\":\"Tygroo Landy pi\u00e8ces auto\",\"potentialAction\":[{\"@type\":\"SearchAction\",\"target\":{\"@type\":\"EntryPoint\",\"urlTemplate\":\"https:\/\/www.tygroo-landy-pieces-auto.com\/?s={search_term_string}\"},\"query-input\":{\"@type\":\"PropertyValueSpecification\",\"valueRequired\":true,\"valueName\":\"search_term_string\"}}],\"inLanguage\":\"fr-FR\"},{\"@type\":\"Organization\",\"@id\":\"https:\/\/www.tygroo-landy-pieces-auto.com\/#organization\",\"name\":\"Tygroo Landy pi\u00e8ces et accessoires auto\",\"alternateName\":\"Tygroo Landy accessoires\",\"url\":\"https:\/\/www.tygroo-landy-pieces-auto.com\/\",\"logo\":{\"@type\":\"ImageObject\",\"inLanguage\":\"fr-FR\",\"@id\":\"https:\/\/www.tygroo-landy-pieces-auto.com\/#\/schema\/logo\/image\/\",\"url\":\"https:\/\/www.tygroo-landy-pieces-auto.com\/wp-content\/uploads\/2025\/11\/favico.png\",\"contentUrl\":\"https:\/\/www.tygroo-landy-pieces-auto.com\/wp-content\/uploads\/2025\/11\/favico.png\",\"width\":150,\"height\":150,\"caption\":\"Tygroo Landy pi\u00e8ces et accessoires auto\"},\"image\":{\"@id\":\"https:\/\/www.tygroo-landy-pieces-auto.com\/#\/schema\/logo\/image\/\"}}]}<\/script>\n<!-- \/ Yoast SEO plugin. -->","yoast_head_json":{"title":"Mentions l\u00e9gales - Tygroo pi\u00e8ces auto","robots":{"index":"index","follow":"follow","max-snippet":"max-snippet:-1","max-image-preview":"max-image-preview:large","max-video-preview":"max-video-preview:-1"},"canonical":"https:\/\/www.tygroo-landy-pieces-auto.com\/index.php\/contact-us\/","og_locale":"fr_FR","og_type":"article","og_title":"Mentions l\u00e9gales - Tygroo pi\u00e8ces auto","og_description":"Mentions l\u00e9gales D\u00e9finitions Client : tout professionnel ou personne physique capable au sens des articles 1123 et suivants du Code civil, ou personne morale, qui visite le Site objet des pr\u00e9sentes conditions g\u00e9n\u00e9rales.Prestations et Services : https:\/\/www.tygroo-landy-pieces-auto.com\/ met \u00e0 disposition des Clients.Contenu : Ensemble des \u00e9l\u00e9ments constituants l\u2019information pr\u00e9sente sur le Site, notamment textes \u2013 [&hellip;]","og_url":"https:\/\/www.tygroo-landy-pieces-auto.com\/index.php\/contact-us\/","og_site_name":"Tygroo pi\u00e8ces auto","article_modified_time":"2025-11-25T13:43:28+00:00","og_image":[{"width":400,"height":380,"url":"https:\/\/www.tygroo-landy-pieces-auto.com\/wp-content\/uploads\/2025\/11\/Contact-Us-400_380.jpg","type":"image\/jpeg"}],"twitter_card":"summary_large_image","schema":{"@context":"https:\/\/schema.org","@graph":[{"@type":"WebPage","@id":"https:\/\/www.tygroo-landy-pieces-auto.com\/index.php\/contact-us\/","url":"https:\/\/www.tygroo-landy-pieces-auto.com\/index.php\/contact-us\/","name":"Mentions l\u00e9gales - Tygroo pi\u00e8ces auto","isPartOf":{"@id":"https:\/\/www.tygroo-landy-pieces-auto.com\/#website"},"primaryImageOfPage":{"@id":"https:\/\/www.tygroo-landy-pieces-auto.com\/index.php\/contact-us\/#primaryimage"},"image":{"@id":"https:\/\/www.tygroo-landy-pieces-auto.com\/index.php\/contact-us\/#primaryimage"},"thumbnailUrl":"https:\/\/www.tygroo-landy-pieces-auto.com\/wp-content\/uploads\/2025\/11\/Contact-Us-400_380.jpg","datePublished":"2025-11-13T11:07:41+00:00","dateModified":"2025-11-25T13:43:28+00:00","breadcrumb":{"@id":"https:\/\/www.tygroo-landy-pieces-auto.com\/index.php\/contact-us\/#breadcrumb"},"inLanguage":"fr-FR","potentialAction":[{"@type":"ReadAction","target":["https:\/\/www.tygroo-landy-pieces-auto.com\/index.php\/contact-us\/"]}]},{"@type":"ImageObject","inLanguage":"fr-FR","@id":"https:\/\/www.tygroo-landy-pieces-auto.com\/index.php\/contact-us\/#primaryimage","url":"https:\/\/www.tygroo-landy-pieces-auto.com\/wp-content\/uploads\/2025\/11\/Contact-Us-400_380.jpg","contentUrl":"https:\/\/www.tygroo-landy-pieces-auto.com\/wp-content\/uploads\/2025\/11\/Contact-Us-400_380.jpg","width":400,"height":380},{"@type":"BreadcrumbList","@id":"https:\/\/www.tygroo-landy-pieces-auto.com\/index.php\/contact-us\/#breadcrumb","itemListElement":[{"@type":"ListItem","position":1,"name":"Accueil","item":"https:\/\/www.tygroo-landy-pieces-auto.com\/"},{"@type":"ListItem","position":2,"name":"Mentions l\u00e9gales"}]},{"@type":"WebSite","@id":"https:\/\/www.tygroo-landy-pieces-auto.com\/#website","url":"https:\/\/www.tygroo-landy-pieces-auto.com\/","name":"Tygroo Landy pi\u00e8ce et accessoires auto","description":"","publisher":{"@id":"https:\/\/www.tygroo-landy-pieces-auto.com\/#organization"},"alternateName":"Tygroo Landy pi\u00e8ces auto","potentialAction":[{"@type":"SearchAction","target":{"@type":"EntryPoint","urlTemplate":"https:\/\/www.tygroo-landy-pieces-auto.com\/?s={search_term_string}"},"query-input":{"@type":"PropertyValueSpecification","valueRequired":true,"valueName":"search_term_string"}}],"inLanguage":"fr-FR"},{"@type":"Organization","@id":"https:\/\/www.tygroo-landy-pieces-auto.com\/#organization","name":"Tygroo Landy pi\u00e8ces et accessoires auto","alternateName":"Tygroo Landy accessoires","url":"https:\/\/www.tygroo-landy-pieces-auto.com\/","logo":{"@type":"ImageObject","inLanguage":"fr-FR","@id":"https:\/\/www.tygroo-landy-pieces-auto.com\/#\/schema\/logo\/image\/","url":"https:\/\/www.tygroo-landy-pieces-auto.com\/wp-content\/uploads\/2025\/11\/favico.png","contentUrl":"https:\/\/www.tygroo-landy-pieces-auto.com\/wp-content\/uploads\/2025\/11\/favico.png","width":150,"height":150,"caption":"Tygroo Landy pi\u00e8ces et accessoires auto"},"image":{"@id":"https:\/\/www.tygroo-landy-pieces-auto.com\/#\/schema\/logo\/image\/"}}]}},"_links":{"self":[{"href":"https:\/\/www.tygroo-landy-pieces-auto.com\/index.php\/wp-json\/wp\/v2\/pages\/13","targetHints":{"allow":["GET"]}}],"collection":[{"href":"https:\/\/www.tygroo-landy-pieces-auto.com\/index.php\/wp-json\/wp\/v2\/pages"}],"about":[{"href":"https:\/\/www.tygroo-landy-pieces-auto.com\/index.php\/wp-json\/wp\/v2\/types\/page"}],"author":[{"embeddable":true,"href":"https:\/\/www.tygroo-landy-pieces-auto.com\/index.php\/wp-json\/wp\/v2\/users\/1"}],"replies":[{"embeddable":true,"href":"https:\/\/www.tygroo-landy-pieces-auto.com\/index.php\/wp-json\/wp\/v2\/comments?post=13"}],"version-history":[{"count":8,"href":"https:\/\/www.tygroo-landy-pieces-auto.com\/index.php\/wp-json\/wp\/v2\/pages\/13\/revisions"}],"predecessor-version":[{"id":169,"href":"https:\/\/www.tygroo-landy-pieces-auto.com\/index.php\/wp-json\/wp\/v2\/pages\/13\/revisions\/169"}],"wp:featuredmedia":[{"embeddable":true,"href":"https:\/\/www.tygroo-landy-pieces-auto.com\/index.php\/wp-json\/wp\/v2\/media\/18"}],"wp:attachment":[{"href":"https:\/\/www.tygroo-landy-pieces-auto.com\/index.php\/wp-json\/wp\/v2\/media?parent=13"}],"curies":[{"name":"wp","href":"https:\/\/api.w.org\/{rel}","templated":true}]}}