{"id":170,"date":"2025-11-25T14:45:31","date_gmt":"2025-11-25T13:45:31","guid":{"rendered":"https:\/\/www.tygroo-landy-pieces-auto.com\/?page_id=170"},"modified":"2025-11-25T14:48:35","modified_gmt":"2025-11-25T13:48:35","slug":"politique-de-confidentialite-2","status":"publish","type":"page","link":"https:\/\/www.tygroo-landy-pieces-auto.com\/index.php\/politique-de-confidentialite-2\/","title":{"rendered":"Politique de confidentialit\u00e9"},"content":{"rendered":"\t\t<div data-elementor-type=\"wp-page\" data-elementor-id=\"170\" class=\"elementor elementor-170\">\n\t\t\t\t<div class=\"elementor-element elementor-element-24c16cf6 e-flex e-con-boxed e-con e-parent\" data-id=\"24c16cf6\" data-element_type=\"container\">\n\t\t\t\t\t<div class=\"e-con-inner\">\n\t\t<div class=\"elementor-element elementor-element-71f79242 e-con-full e-flex e-con e-child\" data-id=\"71f79242\" data-element_type=\"container\">\n\t\t\t\t<div class=\"elementor-element elementor-element-4083a1f8 elementor-invisible elementor-widget elementor-widget-heading\" data-id=\"4083a1f8\" data-element_type=\"widget\" data-settings=\"{&quot;_animation&quot;:&quot;fadeIn&quot;}\" data-widget_type=\"heading.default\">\n\t\t\t\t\t<h2 class=\"elementor-heading-title elementor-size-default\">Politique de confidentialit\u00e9<\/h2>\t\t\t\t<\/div>\n\t\t\t\t<\/div>\n\t\t<div class=\"elementor-element elementor-element-68890400 e-con-full e-flex e-con e-child\" data-id=\"68890400\" data-element_type=\"container\" data-settings=\"{&quot;background_background&quot;:&quot;classic&quot;}\">\n\t\t\t\t<div class=\"elementor-element elementor-element-7f817ad elementor-widget elementor-widget-image\" data-id=\"7f817ad\" data-element_type=\"widget\" data-widget_type=\"image.default\">\n\t\t\t\t\t\t\t\t\t\t\t\t\t\t\t<img fetchpriority=\"high\" decoding=\"async\" width=\"800\" height=\"457\" src=\"https:\/\/www.tygroo-landy-pieces-auto.com\/wp-content\/uploads\/2025\/11\/slider-produit-1024x585.jpg\" class=\"attachment-large size-large wp-image-65\" alt=\"tygroo pi\u00e8ces auto\" srcset=\"https:\/\/www.tygroo-landy-pieces-auto.com\/wp-content\/uploads\/2025\/11\/slider-produit-1024x585.jpg 1024w, https:\/\/www.tygroo-landy-pieces-auto.com\/wp-content\/uploads\/2025\/11\/slider-produit-300x171.jpg 300w, https:\/\/www.tygroo-landy-pieces-auto.com\/wp-content\/uploads\/2025\/11\/slider-produit-768x439.jpg 768w, https:\/\/www.tygroo-landy-pieces-auto.com\/wp-content\/uploads\/2025\/11\/slider-produit-1536x878.jpg 1536w, https:\/\/www.tygroo-landy-pieces-auto.com\/wp-content\/uploads\/2025\/11\/slider-produit-2048x1170.jpg 2048w\" sizes=\"(max-width: 800px) 100vw, 800px\" \/>\t\t\t\t\t\t\t\t\t\t\t\t\t\t\t<\/div>\n\t\t\t\t<\/div>\n\t\t\t\t\t<\/div>\n\t\t\t\t<\/div>\n\t\t<div class=\"elementor-element elementor-element-bb75b75 e-flex e-con-boxed e-con e-parent\" data-id=\"bb75b75\" data-element_type=\"container\">\n\t\t\t\t\t<div class=\"e-con-inner\">\n\t\t\t\t<div class=\"elementor-element elementor-element-ef30b83 elementor-widget elementor-widget-text-editor\" data-id=\"ef30b83\" data-element_type=\"widget\" data-widget_type=\"text-editor.default\">\n\t\t\t\t\t\t\t\t\t<h1 data-start=\"226\" data-end=\"265\">1. Gestion des donn\u00e9es personnelles<\/h1><p data-start=\"266\" data-end=\"544\">Le Client est inform\u00e9 des r\u00e9glementations concernant la communication marketing, la loi du 21 Juin 2014 pour la confiance dans l\u2019\u00c9conomie Num\u00e9rique, la Loi Informatique et Libert\u00e9 du 06 Ao\u00fbt 2004 ainsi que du R\u00e8glement G\u00e9n\u00e9ral sur la Protection des Donn\u00e9es (RGPD : n\u00b0 2016-679).<\/p><hr data-start=\"546\" data-end=\"549\" \/><h2 data-start=\"551\" data-end=\"612\">1.1 Responsables de la collecte des donn\u00e9es personnelles<\/h2><p data-start=\"613\" data-end=\"920\">Pour les Donn\u00e9es Personnelles collect\u00e9es dans le cadre de la cr\u00e9ation du compte personnel de l\u2019Utilisateur et de sa navigation sur le Site, le responsable du traitement des Donn\u00e9es Personnelles est : <strong data-start=\"813\" data-end=\"825\">FHM PNEU<\/strong>.<br data-start=\"826\" data-end=\"829\" \/><a class=\"decorated-link\" href=\"https:\/\/www.tygroo-landy-pieces-auto.com\/\" target=\"_new\" rel=\"noopener\" data-start=\"829\" data-end=\"870\">https:\/\/www.tygroo-landy-pieces-auto.com\/<\/a> est repr\u00e9sent\u00e9 par HAMID, son repr\u00e9sentant l\u00e9gal.<\/p><p data-start=\"922\" data-end=\"1360\">En tant que responsable du traitement des donn\u00e9es qu\u2019il collecte, <a class=\"decorated-link\" href=\"https:\/\/www.tygroo-landy-pieces-auto.com\/\" target=\"_new\" rel=\"noopener\" data-start=\"988\" data-end=\"1029\">https:\/\/www.tygroo-landy-pieces-auto.com\/<\/a>s\u2019engage \u00e0 respecter le cadre des dispositions l\u00e9gales en vigueur.<br data-start=\"1096\" data-end=\"1099\" \/>Il lui appartient notamment d\u2019\u00e9tablir les finalit\u00e9s de ses traitements de donn\u00e9es, de fournir \u00e0 ses prospects et clients une information compl\u00e8te sur le traitement de leurs donn\u00e9es personnelles, et de maintenir un registre des traitements conforme \u00e0 la r\u00e9alit\u00e9.<\/p><p data-start=\"1362\" data-end=\"1610\">Chaque fois que <a class=\"decorated-link\" href=\"https:\/\/www.tygroo-landy-pieces-auto.com\/\" target=\"_new\" rel=\"noopener\" data-start=\"1378\" data-end=\"1419\">https:\/\/www.tygroo-landy-pieces-auto.com\/<\/a> traite des Donn\u00e9es Personnelles, il prend toutes les mesures raisonnables pour s\u2019assurer de leur exactitude et de leur pertinence au regard des finalit\u00e9s pour lesquelles elles sont trait\u00e9es.<\/p><hr data-start=\"1612\" data-end=\"1615\" \/><h2 data-start=\"1617\" data-end=\"1657\">1.2 Finalit\u00e9 des donn\u00e9es collect\u00e9es<\/h2><p data-start=\"1658\" data-end=\"1755\"><a class=\"decorated-link\" href=\"https:\/\/www.tygroo-landy-pieces-auto.com\/\" target=\"_new\" rel=\"noopener\" data-start=\"1658\" data-end=\"1699\">https:\/\/www.tygroo-landy-pieces-auto.com\/<\/a> est susceptible de traiter tout ou partie des donn\u00e9es :<\/p><ul data-start=\"1757\" data-end=\"2372\"><li data-start=\"1757\" data-end=\"1976\"><p data-start=\"1759\" data-end=\"1976\">pour permettre la navigation sur le Site, la gestion et la tra\u00e7abilit\u00e9 des prestations et services command\u00e9s par l\u2019utilisateur : donn\u00e9es de connexion, d\u2019utilisation du Site, facturation, historique des commandes, etc.<\/p><\/li><li data-start=\"1977\" data-end=\"2125\"><p data-start=\"1979\" data-end=\"2125\">pour pr\u00e9venir et lutter contre la fraude informatique (spamming, hacking\u2026) : mat\u00e9riel utilis\u00e9 pour la navigation, adresse IP, mot de passe (hash\u00e9)<\/p><\/li><li data-start=\"2126\" data-end=\"2208\"><p data-start=\"2128\" data-end=\"2208\">pour am\u00e9liorer la navigation sur le Site : donn\u00e9es de connexion et d\u2019utilisation<\/p><\/li><li data-start=\"2209\" data-end=\"2279\"><p data-start=\"2211\" data-end=\"2279\">pour mener des enqu\u00eates de satisfaction facultatives : adresse email<\/p><\/li><li data-start=\"2280\" data-end=\"2372\"><p data-start=\"2282\" data-end=\"2372\">pour mener des campagnes de communication (SMS, mail) : num\u00e9ro de t\u00e9l\u00e9phone, adresse email<\/p><\/li><\/ul><p data-start=\"2374\" data-end=\"2550\"><a class=\"decorated-link\" href=\"https:\/\/www.tygroo-landy-pieces-auto.com\/\" target=\"_new\" rel=\"noopener\" data-start=\"2374\" data-end=\"2415\">https:\/\/www.tygroo-landy-pieces-auto.com\/<\/a> ne commercialise pas vos donn\u00e9es personnelles. Elles sont utilis\u00e9es uniquement par n\u00e9cessit\u00e9 ou \u00e0 des fins statistiques et d\u2019analyses.<\/p><hr data-start=\"2552\" data-end=\"2555\" \/><h2 data-start=\"2557\" data-end=\"2613\">1.3 Droit d\u2019acc\u00e8s, de rectification et d\u2019opposition<\/h2><p data-start=\"2614\" data-end=\"2763\">Conform\u00e9ment \u00e0 la r\u00e9glementation europ\u00e9enne en vigueur, les Utilisateurs de <a class=\"decorated-link\" href=\"https:\/\/www.tygroo-landy-pieces-auto.com\/\" target=\"_new\" rel=\"noopener\" data-start=\"2690\" data-end=\"2731\">https:\/\/www.tygroo-landy-pieces-auto.com\/<\/a> disposent des droits suivants :<\/p><ul data-start=\"2765\" data-end=\"3299\"><li data-start=\"2765\" data-end=\"2800\"><p data-start=\"2767\" data-end=\"2800\">droit d\u2019acc\u00e8s (article 15 RGPD)<\/p><\/li><li data-start=\"2801\" data-end=\"2845\"><p data-start=\"2803\" data-end=\"2845\">droit de rectification (article 16 RGPD)<\/p><\/li><li data-start=\"2846\" data-end=\"2887\"><p data-start=\"2848\" data-end=\"2887\">droit de mise \u00e0 jour et de compl\u00e9tude<\/p><\/li><li data-start=\"2888\" data-end=\"3018\"><p data-start=\"2890\" data-end=\"3018\">droit de verrouillage ou d\u2019effacement (article 17 RGPD) lorsque les donn\u00e9es sont inexactes, incompl\u00e8tes, p\u00e9rim\u00e9es ou illicites<\/p><\/li><li data-start=\"3019\" data-end=\"3090\"><p data-start=\"3021\" data-end=\"3090\">droit de retirer un consentement \u00e0 tout moment (article 13-2c RGPD)<\/p><\/li><li data-start=\"3091\" data-end=\"3148\"><p data-start=\"3093\" data-end=\"3148\">droit \u00e0 la limitation du traitement (article 18 RGPD)<\/p><\/li><li data-start=\"3149\" data-end=\"3189\"><p data-start=\"3151\" data-end=\"3189\">droit d\u2019opposition (article 21 RGPD)<\/p><\/li><li data-start=\"3190\" data-end=\"3246\"><p data-start=\"3192\" data-end=\"3246\">droit \u00e0 la portabilit\u00e9 des donn\u00e9es (article 20 RGPD)<\/p><\/li><li data-start=\"3247\" data-end=\"3299\"><p data-start=\"3249\" data-end=\"3299\">droit de d\u00e9finir le sort des donn\u00e9es apr\u00e8s la mort<\/p><\/li><\/ul><p data-start=\"3301\" data-end=\"3485\">D\u00e8s que <a class=\"decorated-link\" href=\"https:\/\/www.tygroo-landy-pieces-auto.com\/\" target=\"_new\" rel=\"noopener\" data-start=\"3309\" data-end=\"3350\">https:\/\/www.tygroo-landy-pieces-auto.com\/<\/a> a connaissance du d\u00e9c\u00e8s d\u2019un Utilisateur et en l\u2019absence d\u2019instructions, les donn\u00e9es sont d\u00e9truites, sauf obligation l\u00e9gale contraire.<\/p><p data-start=\"3487\" data-end=\"3544\">Pour exercer vos droits, vous pouvez \u00e9crire \u00e0 l\u2019adresse :<\/p><p data-start=\"3546\" data-end=\"3596\"><strong data-start=\"3546\" data-end=\"3596\">FHM PNEU<br data-start=\"3556\" data-end=\"3559\" \/>82 Rue du Landy<br data-start=\"3574\" data-end=\"3577\" \/>93210 SAINT-DENIS<\/strong><\/p><p data-start=\"3598\" data-end=\"3757\">L\u2019Utilisateur doit joindre une pi\u00e8ce d\u2019identit\u00e9 (carte d\u2019identit\u00e9 ou passeport) et pr\u00e9ciser quelles donn\u00e9es doivent \u00eatre corrig\u00e9es, mises \u00e0 jour ou supprim\u00e9es.<\/p><p data-start=\"3759\" data-end=\"3882\">Les demandes sont soumises aux obligations l\u00e9gales de conservation applicables \u00e0 <a class=\"decorated-link\" href=\"https:\/\/www.tygroo-landy-pieces-auto.com\/\" target=\"_new\" rel=\"noopener\" data-start=\"3840\" data-end=\"3881\">https:\/\/www.tygroo-landy-pieces-auto.com\/<\/a>.<\/p><p data-start=\"3884\" data-end=\"3996\">Les Utilisateurs peuvent \u00e9galement d\u00e9poser une r\u00e9clamation aupr\u00e8s de la CNIL :<br data-start=\"3962\" data-end=\"3965\" \/><a class=\"decorated-link\" href=\"https:\/\/www.cnil.fr\/fr\/plaintes\" target=\"_new\" rel=\"noopener\" data-start=\"3965\" data-end=\"3996\">https:\/\/www.cnil.fr\/fr\/plaintes<\/a><\/p><hr data-start=\"3998\" data-end=\"4001\" \/><h2 data-start=\"4003\" data-end=\"4054\">1.4 Non-communication des donn\u00e9es personnelles<\/h2><p data-start=\"4055\" data-end=\"4276\"><a class=\"decorated-link\" href=\"https:\/\/www.tygroo-landy-pieces-auto.com\/\" target=\"_new\" rel=\"noopener\" data-start=\"4055\" data-end=\"4096\">https:\/\/www.tygroo-landy-pieces-auto.com\/<\/a> s\u2019interdit de transf\u00e9rer les donn\u00e9es collect\u00e9es vers un pays hors Union Europ\u00e9enne ou non reconnu comme ad\u00e9quat par la Commission Europ\u00e9enne, sauf information pr\u00e9alable du client.<\/p><p data-start=\"4278\" data-end=\"4464\">Cependant, <a class=\"decorated-link\" href=\"https:\/\/www.tygroo-landy-pieces-auto.com\/\" target=\"_new\" rel=\"noopener\" data-start=\"4289\" data-end=\"4330\">https:\/\/www.tygroo-landy-pieces-auto.com\/<\/a> reste libre de choisir ses sous-traitants techniques ou commerciaux, \u00e0 condition qu\u2019ils pr\u00e9sentent les garanties exig\u00e9es par le RGPD.<\/p><p data-start=\"4466\" data-end=\"4838\"><a class=\"decorated-link\" href=\"https:\/\/www.tygroo-landy-pieces-auto.com\/\" target=\"_new\" rel=\"noopener\" data-start=\"4466\" data-end=\"4507\">https:\/\/www.tygroo-landy-pieces-auto.com\/<\/a> s\u2019engage \u00e0 s\u00e9curiser les Informations afin qu\u2019elles ne soient pas accessibles \u00e0 des personnes non autoris\u00e9es.<br data-start=\"4617\" data-end=\"4620\" \/>En cas d\u2019incident affectant l\u2019int\u00e9grit\u00e9 ou la confidentialit\u00e9 des donn\u00e9es, <a class=\"decorated-link\" href=\"https:\/\/www.tygroo-landy-pieces-auto.com\/\" target=\"_new\" rel=\"noopener\" data-start=\"4695\" data-end=\"4736\">https:\/\/www.tygroo-landy-pieces-auto.com\/<\/a>informera le Client dans les meilleurs d\u00e9lais et communiquera les mesures correctives mises en place.<\/p><p data-start=\"4840\" data-end=\"4879\">Aucune donn\u00e9e sensible n\u2019est collect\u00e9e.<\/p><p data-start=\"4881\" data-end=\"5090\">Les Donn\u00e9es Personnelles peuvent \u00eatre trait\u00e9es par des filiales ou des sous-traitants (prestataires de services) de <a class=\"decorated-link\" href=\"https:\/\/www.tygroo-landy-pieces-auto.com\/\" target=\"_new\" rel=\"noopener\" data-start=\"4997\" data-end=\"5038\">https:\/\/www.tygroo-landy-pieces-auto.com\/<\/a> exclusivement dans le cadre des finalit\u00e9s d\u00e9crites.<\/p><p data-start=\"5092\" data-end=\"5214\">Les seules personnes habilit\u00e9es \u00e0 acc\u00e9der aux donn\u00e9es sont les agents du service client, dans la limite de leurs missions.<\/p>\t\t\t\t\t\t\t\t<\/div>\n\t\t\t\t\t<\/div>\n\t\t\t\t<\/div>\n\t\t\t\t<\/div>\n\t\t","protected":false},"excerpt":{"rendered":"<p>Politique de confidentialit\u00e9 1. Gestion des donn\u00e9es personnelles Le Client est inform\u00e9 des r\u00e9glementations concernant la communication marketing, la loi du 21 Juin 2014 pour la confiance dans l\u2019\u00c9conomie Num\u00e9rique, la Loi Informatique et Libert\u00e9 du 06 Ao\u00fbt 2004 ainsi que du R\u00e8glement G\u00e9n\u00e9ral sur la Protection des Donn\u00e9es (RGPD : n\u00b0 2016-679). 1.1 Responsables [&hellip;]<\/p>\n","protected":false},"author":1,"featured_media":18,"parent":0,"menu_order":0,"comment_status":"closed","ping_status":"closed","template":"elementor_header_footer","meta":{"footnotes":""},"class_list":["post-170","page","type-page","status-publish","has-post-thumbnail","hentry"],"yoast_head":"<!-- This site is optimized with the Yoast SEO plugin v26.4 - https:\/\/yoast.com\/wordpress\/plugins\/seo\/ -->\n<title>Politique de confidentialit\u00e9 - Tygroo pi\u00e8ces auto<\/title>\n<meta name=\"robots\" content=\"index, follow, max-snippet:-1, max-image-preview:large, max-video-preview:-1\" \/>\n<link rel=\"canonical\" href=\"https:\/\/www.tygroo-landy-pieces-auto.com\/index.php\/politique-de-confidentialite-2\/\" \/>\n<meta property=\"og:locale\" content=\"fr_FR\" \/>\n<meta property=\"og:type\" content=\"article\" \/>\n<meta property=\"og:title\" content=\"Politique de confidentialit\u00e9 - Tygroo pi\u00e8ces auto\" \/>\n<meta property=\"og:description\" content=\"Politique de confidentialit\u00e9 1. Gestion des donn\u00e9es personnelles Le Client est inform\u00e9 des r\u00e9glementations concernant la communication marketing, la loi du 21 Juin 2014 pour la confiance dans l\u2019\u00c9conomie Num\u00e9rique, la Loi Informatique et Libert\u00e9 du 06 Ao\u00fbt 2004 ainsi que du R\u00e8glement G\u00e9n\u00e9ral sur la Protection des Donn\u00e9es (RGPD : n\u00b0 2016-679). 1.1 Responsables [&hellip;]\" \/>\n<meta property=\"og:url\" content=\"https:\/\/www.tygroo-landy-pieces-auto.com\/index.php\/politique-de-confidentialite-2\/\" \/>\n<meta property=\"og:site_name\" content=\"Tygroo pi\u00e8ces auto\" \/>\n<meta property=\"article:modified_time\" content=\"2025-11-25T13:48:35+00:00\" \/>\n<meta property=\"og:image\" content=\"https:\/\/www.tygroo-landy-pieces-auto.com\/wp-content\/uploads\/2025\/11\/Contact-Us-400_380.jpg\" \/>\n\t<meta property=\"og:image:width\" content=\"400\" \/>\n\t<meta property=\"og:image:height\" content=\"380\" \/>\n\t<meta property=\"og:image:type\" content=\"image\/jpeg\" \/>\n<meta name=\"twitter:card\" content=\"summary_large_image\" \/>\n<script type=\"application\/ld+json\" class=\"yoast-schema-graph\">{\"@context\":\"https:\/\/schema.org\",\"@graph\":[{\"@type\":\"WebPage\",\"@id\":\"https:\/\/www.tygroo-landy-pieces-auto.com\/index.php\/politique-de-confidentialite-2\/\",\"url\":\"https:\/\/www.tygroo-landy-pieces-auto.com\/index.php\/politique-de-confidentialite-2\/\",\"name\":\"Politique de confidentialit\u00e9 - Tygroo pi\u00e8ces auto\",\"isPartOf\":{\"@id\":\"https:\/\/www.tygroo-landy-pieces-auto.com\/#website\"},\"primaryImageOfPage\":{\"@id\":\"https:\/\/www.tygroo-landy-pieces-auto.com\/index.php\/politique-de-confidentialite-2\/#primaryimage\"},\"image\":{\"@id\":\"https:\/\/www.tygroo-landy-pieces-auto.com\/index.php\/politique-de-confidentialite-2\/#primaryimage\"},\"thumbnailUrl\":\"https:\/\/www.tygroo-landy-pieces-auto.com\/wp-content\/uploads\/2025\/11\/Contact-Us-400_380.jpg\",\"datePublished\":\"2025-11-25T13:45:31+00:00\",\"dateModified\":\"2025-11-25T13:48:35+00:00\",\"breadcrumb\":{\"@id\":\"https:\/\/www.tygroo-landy-pieces-auto.com\/index.php\/politique-de-confidentialite-2\/#breadcrumb\"},\"inLanguage\":\"fr-FR\",\"potentialAction\":[{\"@type\":\"ReadAction\",\"target\":[\"https:\/\/www.tygroo-landy-pieces-auto.com\/index.php\/politique-de-confidentialite-2\/\"]}]},{\"@type\":\"ImageObject\",\"inLanguage\":\"fr-FR\",\"@id\":\"https:\/\/www.tygroo-landy-pieces-auto.com\/index.php\/politique-de-confidentialite-2\/#primaryimage\",\"url\":\"https:\/\/www.tygroo-landy-pieces-auto.com\/wp-content\/uploads\/2025\/11\/Contact-Us-400_380.jpg\",\"contentUrl\":\"https:\/\/www.tygroo-landy-pieces-auto.com\/wp-content\/uploads\/2025\/11\/Contact-Us-400_380.jpg\",\"width\":400,\"height\":380},{\"@type\":\"BreadcrumbList\",\"@id\":\"https:\/\/www.tygroo-landy-pieces-auto.com\/index.php\/politique-de-confidentialite-2\/#breadcrumb\",\"itemListElement\":[{\"@type\":\"ListItem\",\"position\":1,\"name\":\"Accueil\",\"item\":\"https:\/\/www.tygroo-landy-pieces-auto.com\/\"},{\"@type\":\"ListItem\",\"position\":2,\"name\":\"Politique de confidentialit\u00e9\"}]},{\"@type\":\"WebSite\",\"@id\":\"https:\/\/www.tygroo-landy-pieces-auto.com\/#website\",\"url\":\"https:\/\/www.tygroo-landy-pieces-auto.com\/\",\"name\":\"Tygroo Landy pi\u00e8ce et accessoires auto\",\"description\":\"\",\"publisher\":{\"@id\":\"https:\/\/www.tygroo-landy-pieces-auto.com\/#organization\"},\"alternateName\":\"Tygroo Landy pi\u00e8ces auto\",\"potentialAction\":[{\"@type\":\"SearchAction\",\"target\":{\"@type\":\"EntryPoint\",\"urlTemplate\":\"https:\/\/www.tygroo-landy-pieces-auto.com\/?s={search_term_string}\"},\"query-input\":{\"@type\":\"PropertyValueSpecification\",\"valueRequired\":true,\"valueName\":\"search_term_string\"}}],\"inLanguage\":\"fr-FR\"},{\"@type\":\"Organization\",\"@id\":\"https:\/\/www.tygroo-landy-pieces-auto.com\/#organization\",\"name\":\"Tygroo Landy pi\u00e8ces et accessoires auto\",\"alternateName\":\"Tygroo Landy accessoires\",\"url\":\"https:\/\/www.tygroo-landy-pieces-auto.com\/\",\"logo\":{\"@type\":\"ImageObject\",\"inLanguage\":\"fr-FR\",\"@id\":\"https:\/\/www.tygroo-landy-pieces-auto.com\/#\/schema\/logo\/image\/\",\"url\":\"https:\/\/www.tygroo-landy-pieces-auto.com\/wp-content\/uploads\/2025\/11\/favico.png\",\"contentUrl\":\"https:\/\/www.tygroo-landy-pieces-auto.com\/wp-content\/uploads\/2025\/11\/favico.png\",\"width\":150,\"height\":150,\"caption\":\"Tygroo Landy pi\u00e8ces et accessoires auto\"},\"image\":{\"@id\":\"https:\/\/www.tygroo-landy-pieces-auto.com\/#\/schema\/logo\/image\/\"}}]}<\/script>\n<!-- \/ Yoast SEO plugin. -->","yoast_head_json":{"title":"Politique de confidentialit\u00e9 - Tygroo pi\u00e8ces auto","robots":{"index":"index","follow":"follow","max-snippet":"max-snippet:-1","max-image-preview":"max-image-preview:large","max-video-preview":"max-video-preview:-1"},"canonical":"https:\/\/www.tygroo-landy-pieces-auto.com\/index.php\/politique-de-confidentialite-2\/","og_locale":"fr_FR","og_type":"article","og_title":"Politique de confidentialit\u00e9 - Tygroo pi\u00e8ces auto","og_description":"Politique de confidentialit\u00e9 1. Gestion des donn\u00e9es personnelles Le Client est inform\u00e9 des r\u00e9glementations concernant la communication marketing, la loi du 21 Juin 2014 pour la confiance dans l\u2019\u00c9conomie Num\u00e9rique, la Loi Informatique et Libert\u00e9 du 06 Ao\u00fbt 2004 ainsi que du R\u00e8glement G\u00e9n\u00e9ral sur la Protection des Donn\u00e9es (RGPD : n\u00b0 2016-679). 1.1 Responsables [&hellip;]","og_url":"https:\/\/www.tygroo-landy-pieces-auto.com\/index.php\/politique-de-confidentialite-2\/","og_site_name":"Tygroo pi\u00e8ces auto","article_modified_time":"2025-11-25T13:48:35+00:00","og_image":[{"width":400,"height":380,"url":"https:\/\/www.tygroo-landy-pieces-auto.com\/wp-content\/uploads\/2025\/11\/Contact-Us-400_380.jpg","type":"image\/jpeg"}],"twitter_card":"summary_large_image","schema":{"@context":"https:\/\/schema.org","@graph":[{"@type":"WebPage","@id":"https:\/\/www.tygroo-landy-pieces-auto.com\/index.php\/politique-de-confidentialite-2\/","url":"https:\/\/www.tygroo-landy-pieces-auto.com\/index.php\/politique-de-confidentialite-2\/","name":"Politique de confidentialit\u00e9 - Tygroo pi\u00e8ces auto","isPartOf":{"@id":"https:\/\/www.tygroo-landy-pieces-auto.com\/#website"},"primaryImageOfPage":{"@id":"https:\/\/www.tygroo-landy-pieces-auto.com\/index.php\/politique-de-confidentialite-2\/#primaryimage"},"image":{"@id":"https:\/\/www.tygroo-landy-pieces-auto.com\/index.php\/politique-de-confidentialite-2\/#primaryimage"},"thumbnailUrl":"https:\/\/www.tygroo-landy-pieces-auto.com\/wp-content\/uploads\/2025\/11\/Contact-Us-400_380.jpg","datePublished":"2025-11-25T13:45:31+00:00","dateModified":"2025-11-25T13:48:35+00:00","breadcrumb":{"@id":"https:\/\/www.tygroo-landy-pieces-auto.com\/index.php\/politique-de-confidentialite-2\/#breadcrumb"},"inLanguage":"fr-FR","potentialAction":[{"@type":"ReadAction","target":["https:\/\/www.tygroo-landy-pieces-auto.com\/index.php\/politique-de-confidentialite-2\/"]}]},{"@type":"ImageObject","inLanguage":"fr-FR","@id":"https:\/\/www.tygroo-landy-pieces-auto.com\/index.php\/politique-de-confidentialite-2\/#primaryimage","url":"https:\/\/www.tygroo-landy-pieces-auto.com\/wp-content\/uploads\/2025\/11\/Contact-Us-400_380.jpg","contentUrl":"https:\/\/www.tygroo-landy-pieces-auto.com\/wp-content\/uploads\/2025\/11\/Contact-Us-400_380.jpg","width":400,"height":380},{"@type":"BreadcrumbList","@id":"https:\/\/www.tygroo-landy-pieces-auto.com\/index.php\/politique-de-confidentialite-2\/#breadcrumb","itemListElement":[{"@type":"ListItem","position":1,"name":"Accueil","item":"https:\/\/www.tygroo-landy-pieces-auto.com\/"},{"@type":"ListItem","position":2,"name":"Politique de confidentialit\u00e9"}]},{"@type":"WebSite","@id":"https:\/\/www.tygroo-landy-pieces-auto.com\/#website","url":"https:\/\/www.tygroo-landy-pieces-auto.com\/","name":"Tygroo Landy pi\u00e8ce et accessoires auto","description":"","publisher":{"@id":"https:\/\/www.tygroo-landy-pieces-auto.com\/#organization"},"alternateName":"Tygroo Landy pi\u00e8ces auto","potentialAction":[{"@type":"SearchAction","target":{"@type":"EntryPoint","urlTemplate":"https:\/\/www.tygroo-landy-pieces-auto.com\/?s={search_term_string}"},"query-input":{"@type":"PropertyValueSpecification","valueRequired":true,"valueName":"search_term_string"}}],"inLanguage":"fr-FR"},{"@type":"Organization","@id":"https:\/\/www.tygroo-landy-pieces-auto.com\/#organization","name":"Tygroo Landy pi\u00e8ces et accessoires auto","alternateName":"Tygroo Landy accessoires","url":"https:\/\/www.tygroo-landy-pieces-auto.com\/","logo":{"@type":"ImageObject","inLanguage":"fr-FR","@id":"https:\/\/www.tygroo-landy-pieces-auto.com\/#\/schema\/logo\/image\/","url":"https:\/\/www.tygroo-landy-pieces-auto.com\/wp-content\/uploads\/2025\/11\/favico.png","contentUrl":"https:\/\/www.tygroo-landy-pieces-auto.com\/wp-content\/uploads\/2025\/11\/favico.png","width":150,"height":150,"caption":"Tygroo Landy pi\u00e8ces et accessoires auto"},"image":{"@id":"https:\/\/www.tygroo-landy-pieces-auto.com\/#\/schema\/logo\/image\/"}}]}},"_links":{"self":[{"href":"https:\/\/www.tygroo-landy-pieces-auto.com\/index.php\/wp-json\/wp\/v2\/pages\/170","targetHints":{"allow":["GET"]}}],"collection":[{"href":"https:\/\/www.tygroo-landy-pieces-auto.com\/index.php\/wp-json\/wp\/v2\/pages"}],"about":[{"href":"https:\/\/www.tygroo-landy-pieces-auto.com\/index.php\/wp-json\/wp\/v2\/types\/page"}],"author":[{"embeddable":true,"href":"https:\/\/www.tygroo-landy-pieces-auto.com\/index.php\/wp-json\/wp\/v2\/users\/1"}],"replies":[{"embeddable":true,"href":"https:\/\/www.tygroo-landy-pieces-auto.com\/index.php\/wp-json\/wp\/v2\/comments?post=170"}],"version-history":[{"count":4,"href":"https:\/\/www.tygroo-landy-pieces-auto.com\/index.php\/wp-json\/wp\/v2\/pages\/170\/revisions"}],"predecessor-version":[{"id":174,"href":"https:\/\/www.tygroo-landy-pieces-auto.com\/index.php\/wp-json\/wp\/v2\/pages\/170\/revisions\/174"}],"wp:featuredmedia":[{"embeddable":true,"href":"https:\/\/www.tygroo-landy-pieces-auto.com\/index.php\/wp-json\/wp\/v2\/media\/18"}],"wp:attachment":[{"href":"https:\/\/www.tygroo-landy-pieces-auto.com\/index.php\/wp-json\/wp\/v2\/media?parent=170"}],"curies":[{"name":"wp","href":"https:\/\/api.w.org\/{rel}","templated":true}]}}